{"id":21,"date":"2025-04-24T15:30:30","date_gmt":"2025-04-24T15:30:30","guid":{"rendered":"https:\/\/maaliapintaan.fi\/?page_id=21"},"modified":"2025-04-26T10:47:10","modified_gmt":"2025-04-26T10:47:10","slug":"etusivu","status":"publish","type":"page","link":"https:\/\/maaliapintaan.fi\/","title":{"rendered":"Etusivu"},"content":{"rendered":"\t\t<div data-elementor-type=\"wp-page\" data-elementor-id=\"21\" class=\"elementor elementor-21\" data-elementor-post-type=\"page\">\n\t\t\t\t<div class=\"elementor-element elementor-element-552ccba6 e-flex e-con-boxed e-con e-parent\" data-id=\"552ccba6\" data-element_type=\"container\" data-e-type=\"container\">\n\t\t\t\t\t<div class=\"e-con-inner\">\n\t\t\t\t<div class=\"elementor-element elementor-element-cd60267 elementor-widget elementor-widget-image\" data-id=\"cd60267\" data-element_type=\"widget\" data-e-type=\"widget\" data-widget_type=\"image.default\">\n\t\t\t\t<div class=\"elementor-widget-container\">\n\t\t\t\t\t\t\t\t\t\t\t\t\t\t\t<img fetchpriority=\"high\" decoding=\"async\" width=\"1024\" height=\"731\" src=\"https:\/\/maaliapintaan.fi\/wp-content\/uploads\/2025\/04\/oranssiseina.jpg\" class=\"attachment-full size-full wp-image-33\" alt=\"\" srcset=\"https:\/\/maaliapintaan.fi\/wp-content\/uploads\/2025\/04\/oranssiseina.jpg 1024w, https:\/\/maaliapintaan.fi\/wp-content\/uploads\/2025\/04\/oranssiseina-300x214.jpg 300w, https:\/\/maaliapintaan.fi\/wp-content\/uploads\/2025\/04\/oranssiseina-768x548.jpg 768w\" sizes=\"(max-width: 1024px) 100vw, 1024px\" \/>\t\t\t\t\t\t\t\t\t\t\t\t\t\t\t<\/div>\n\t\t\t\t<\/div>\n\t\t\t\t\t<\/div>\n\t\t\t\t<\/div>\n\t\t<div class=\"elementor-element elementor-element-d844fbf e-flex e-con-boxed e-con e-parent\" data-id=\"d844fbf\" data-element_type=\"container\" data-e-type=\"container\">\n\t\t\t\t\t<div class=\"e-con-inner\">\n\t\t\t\t<div class=\"elementor-element elementor-element-8fe5403 elementor-widget elementor-widget-heading\" data-id=\"8fe5403\" data-element_type=\"widget\" data-e-type=\"widget\" data-widget_type=\"heading.default\">\n\t\t\t\t<div class=\"elementor-widget-container\">\n\t\t\t\t\t<h2 class=\"elementor-heading-title elementor-size-default\">Sein\u00e4maalaukset<br>\nkotiin ja toimistoon<\/h2>\t\t\t\t<\/div>\n\t\t\t\t<\/div>\n\t\t\t\t<div class=\"elementor-element elementor-element-6de6678 elementor-widget elementor-widget-text-editor\" data-id=\"6de6678\" data-element_type=\"widget\" data-e-type=\"widget\" data-widget_type=\"text-editor.default\">\n\t\t\t\t<div class=\"elementor-widget-container\">\n\t\t\t\t\t\t\t\t\t<div>Seinien maalaus on paljon muutakin kuin vaan v\u00e4rin levitt\u00e4mist\u00e4 \u2013 se on fiiliksen luomista ja tilan muuttamista. Meill\u00e4 L2 Asennuksessa ollaan seinien maalaamisen ammattilaisia, ja hoidetaan homma kuntoon niin koteihin kuin yritysten tiloihinkin.\u00a0<\/div><div>\u00a0<\/div><div><strong>Ota yhteytt\u00e4 niin pistet\u00e4\u00e4n maalit pintaan!<\/strong><\/div>\t\t\t\t\t\t\t\t<\/div>\n\t\t\t\t<\/div>\n\t\t<div class=\"elementor-element elementor-element-a5df41b e-grid e-con-full e-con e-child\" data-id=\"a5df41b\" data-element_type=\"container\" data-e-type=\"container\">\n\t\t<div class=\"elementor-element elementor-element-16c2b59 e-con-full e-flex e-con e-child\" data-id=\"16c2b59\" data-element_type=\"container\" data-e-type=\"container\">\n\t\t\t\t<div class=\"elementor-element elementor-element-7a33a52 elementor-widget elementor-widget-heading\" data-id=\"7a33a52\" data-element_type=\"widget\" data-e-type=\"widget\" data-widget_type=\"heading.default\">\n\t\t\t\t<div class=\"elementor-widget-container\">\n\t\t\t\t\t<h4 class=\"elementor-heading-title elementor-size-default\">Uudis- ja remonttimaalaus<\/h4>\t\t\t\t<\/div>\n\t\t\t\t<\/div>\n\t\t\t\t<div class=\"elementor-element elementor-element-2e5156a elementor-widget elementor-widget-text-editor\" data-id=\"2e5156a\" data-element_type=\"widget\" data-e-type=\"widget\" data-widget_type=\"text-editor.default\">\n\t\t\t\t<div class=\"elementor-widget-container\">\n\t\t\t\t\t\t\t\t\t<div>Meilt\u00e4 hoituu maalaus niin uusille pinnoille kuin remontoitaviin kohteisiin. Oli kyse sitten tuoreesta rakennuksesta tai vanhan pinnan ehostuksesta, me laitamme pinnat kuntoon suojaavalla ja tyylikk\u00e4\u00e4ll\u00e4 maalilla. N\u00e4in varmistetaan, ett\u00e4 pinnat eiv\u00e4t vain n\u00e4yt\u00e4 hyv\u00e4lt\u00e4, vaan my\u00f6s kest\u00e4v\u00e4t aikaa ja s\u00e4\u00e4t\u00e4.<\/div>\t\t\t\t\t\t\t\t<\/div>\n\t\t\t\t<\/div>\n\t\t\t\t<\/div>\n\t\t<div class=\"elementor-element elementor-element-40433cf e-con-full e-flex e-con e-child\" data-id=\"40433cf\" data-element_type=\"container\" data-e-type=\"container\">\n\t\t\t\t<div class=\"elementor-element elementor-element-1f96b7b elementor-widget elementor-widget-heading\" data-id=\"1f96b7b\" data-element_type=\"widget\" data-e-type=\"widget\" data-widget_type=\"heading.default\">\n\t\t\t\t<div class=\"elementor-widget-container\">\n\t\t\t\t\t<h4 class=\"elementor-heading-title elementor-size-default\">Yksityisille<\/h4>\t\t\t\t<\/div>\n\t\t\t\t<\/div>\n\t\t\t\t<div class=\"elementor-element elementor-element-62df3e7 elementor-widget elementor-widget-text-editor\" data-id=\"62df3e7\" data-element_type=\"widget\" data-e-type=\"widget\" data-widget_type=\"text-editor.default\">\n\t\t\t\t<div class=\"elementor-widget-container\">\n\t\t\t\t\t\t\t\t\t<div>Tarvitsetko maalausta yhteen huoneeseen vai koko kodin uudistusta? Meilt\u00e4 saat maalauspalvelut, jotka tehd\u00e4\u00e4n juuri sinun toiveiden mukaan. Tavoitteenamme on luoda viihtyis\u00e4 ja tyylik\u00e4s koti, joka tuntuu omalta. K\u00e4yt\u00e4mme ymp\u00e4rist\u00f6yst\u00e4v\u00e4llisi\u00e4 maaleja ja hoidamme homman huolella alusta loppuun, ilman turhaa stressi\u00e4. Ota yhteytt\u00e4, niin muutetaan kotisi juuri sellaiseksi kuin haluat!<\/div>\t\t\t\t\t\t\t\t<\/div>\n\t\t\t\t<\/div>\n\t\t\t\t<\/div>\n\t\t<div class=\"elementor-element elementor-element-b1ed019 e-con-full e-flex e-con e-child\" data-id=\"b1ed019\" data-element_type=\"container\" data-e-type=\"container\">\n\t\t\t\t<div class=\"elementor-element elementor-element-7fd02da elementor-widget elementor-widget-heading\" data-id=\"7fd02da\" data-element_type=\"widget\" data-e-type=\"widget\" data-widget_type=\"heading.default\">\n\t\t\t\t<div class=\"elementor-widget-container\">\n\t\t\t\t\t<h4 class=\"elementor-heading-title elementor-size-default\">Ikkuna- ja julkisivumaalaus<\/h4>\t\t\t\t<\/div>\n\t\t\t\t<\/div>\n\t\t\t\t<div class=\"elementor-element elementor-element-d79dba3 elementor-widget elementor-widget-text-editor\" data-id=\"d79dba3\" data-element_type=\"widget\" data-e-type=\"widget\" data-widget_type=\"text-editor.default\">\n\t\t\t\t<div class=\"elementor-widget-container\">\n\t\t\t\t\t\t\t\t\t<div>Huolellinen pohjaty\u00f6 ja laadukkaat, kest\u00e4v\u00e4t maalit takaavat, ett\u00e4 lopputulos on sek\u00e4 kaunis ett\u00e4 pitk\u00e4ik\u00e4inen. Meid\u00e4n tiimi hoitaa homman tarkasti ja rakkaudella, joten rakennuksen ilme kohenee ja pysyy suojattuna vuosia. Pist\u00e4 viesti\u00e4, niin laitetaan ikkunat kuntoon!<\/div>\t\t\t\t\t\t\t\t<\/div>\n\t\t\t\t<\/div>\n\t\t\t\t<\/div>\n\t\t\t\t<\/div>\n\t\t\t\t\t<\/div>\n\t\t\t\t<\/div>\n\t\t<div class=\"elementor-element elementor-element-1ff0135 e-flex e-con-boxed e-con e-parent\" data-id=\"1ff0135\" data-element_type=\"container\" data-e-type=\"container\" data-settings=\"{&quot;background_background&quot;:&quot;classic&quot;,&quot;background_motion_fx_motion_fx_scrolling&quot;:&quot;yes&quot;,&quot;background_motion_fx_translateY_effect&quot;:&quot;yes&quot;,&quot;background_motion_fx_translateY_speed&quot;:{&quot;unit&quot;:&quot;px&quot;,&quot;size&quot;:7.2,&quot;sizes&quot;:[]},&quot;background_motion_fx_translateY_affectedRange&quot;:{&quot;unit&quot;:&quot;%&quot;,&quot;size&quot;:&quot;&quot;,&quot;sizes&quot;:{&quot;start&quot;:0,&quot;end&quot;:100}},&quot;background_motion_fx_devices&quot;:[&quot;desktop&quot;,&quot;tablet&quot;,&quot;mobile&quot;]}\">\n\t\t\t\t\t<div class=\"e-con-inner\">\n\t\t\t\t<div class=\"elementor-element elementor-element-675170a elementor-widget elementor-widget-pcc_calculator\" data-id=\"675170a\" data-element_type=\"widget\" data-e-type=\"widget\" data-widget_type=\"pcc_calculator.default\">\n\t\t\t\t<div class=\"elementor-widget-container\">\n\t\t\t\t\t        <div class=\"pcc-calculator\">\n            <h4>Sein\u00e4maalauksen hintalaskuri<\/h4>\n            <p>Sy\u00f6t\u00e4 arvioitu neli\u00f6m\u00e4\u00e4r\u00e4<\/p>\n            <div class=\"pcc-input-mode\">\n                <label><input type=\"radio\" name=\"pcc-mode\" value=\"sqm\" checked> Neli\u00f6metrit<\/label>\n                <label><input type=\"radio\" name=\"pcc-mode\" value=\"dimensions\"> Leveys X Korkeus<\/label>\n            <\/div>\n            <div id=\"pcc-sqm-input\" class=\"pcc-input-group\">\n                <input type=\"number\" id=\"pcc-area\" placeholder=\"esim 10\" min=\"0\" step=\"0.1\">\n            <\/div>\n            <div id=\"pcc-dimensions-input\" class=\"pcc-input-group\" style=\"display: none;\">\n                <input type=\"number\" id=\"pcc-width\" placeholder=\"Leveys (metri\u00e4)\" min=\"0\" step=\"0.1\">\n                <input type=\"number\" id=\"pcc-height\" placeholder=\"Korkeus (metri\u00e4)\" min=\"0\" step=\"0.1\">\n            <\/div>\n            <button onclick=\"pccCalculateCost()\">Laske hinta<\/button>\n            <div id=\"pcc-result\"><\/div>\n            <button id=\"pcc-transfer\" style=\"display: none;\" onclick=\"pccTransferToForm('form-field-message')\">Lis\u00e4\u00e4 yhteydenottolomakkeelle<\/button>\n            <p class=\"pcc-note\">Huom! T\u00e4m\u00e4 on vain suuntaa antava arvio. Tarkemman hinnan saat keskustelemalla kanssamme!<\/p>\n        <\/div>\n        \t\t\t\t<\/div>\n\t\t\t\t<\/div>\n\t\t\t\t\t<\/div>\n\t\t\t\t<\/div>\n\t\t<div class=\"elementor-element elementor-element-75ff41a e-flex e-con-boxed e-con e-parent\" data-id=\"75ff41a\" data-element_type=\"container\" data-e-type=\"container\">\n\t\t\t\t\t<div class=\"e-con-inner\">\n\t\t<div class=\"elementor-element elementor-element-1c28784 e-con-full e-flex e-con e-child\" data-id=\"1c28784\" data-element_type=\"container\" data-e-type=\"container\">\n\t\t\t\t<div class=\"elementor-element elementor-element-cb1825a elementor-widget elementor-widget-heading\" data-id=\"cb1825a\" data-element_type=\"widget\" data-e-type=\"widget\" data-widget_type=\"heading.default\">\n\t\t\t\t<div class=\"elementor-widget-container\">\n\t\t\t\t\t<h2 class=\"elementor-heading-title elementor-size-default\">Ota yhteytt\u00e4<\/h2>\t\t\t\t<\/div>\n\t\t\t\t<\/div>\n\t\t\t\t<div class=\"elementor-element elementor-element-c03391d elementor-button-align-stretch elementor-widget elementor-widget-form\" data-id=\"c03391d\" data-element_type=\"widget\" data-e-type=\"widget\" data-settings=\"{&quot;step_next_label&quot;:&quot;Next&quot;,&quot;step_previous_label&quot;:&quot;Previous&quot;,&quot;button_width&quot;:&quot;100&quot;,&quot;step_type&quot;:&quot;number_text&quot;,&quot;step_icon_shape&quot;:&quot;circle&quot;}\" data-widget_type=\"form.default\">\n\t\t\t\t<div class=\"elementor-widget-container\">\n\t\t\t\t\t\t\t<form class=\"elementor-form\" method=\"post\" name=\"Yhteydenotto\" aria-label=\"Yhteydenotto\">\n\t\t\t<input type=\"hidden\" name=\"post_id\" value=\"21\"\/>\n\t\t\t<input type=\"hidden\" name=\"form_id\" value=\"c03391d\"\/>\n\t\t\t<input type=\"hidden\" name=\"referer_title\" value=\"\" \/>\n\n\t\t\t\t\t\t\t<input type=\"hidden\" name=\"queried_id\" value=\"21\"\/>\n\t\t\t\n\t\t\t<div class=\"elementor-form-fields-wrapper elementor-labels-above\">\n\t\t\t\t\t\t\t\t<div class=\"elementor-field-type-text elementor-field-group elementor-column elementor-field-group-name elementor-col-100\">\n\t\t\t\t\t\t\t\t\t\t\t\t<label for=\"form-field-name\" class=\"elementor-field-label\">\n\t\t\t\t\t\t\t\tNimi\t\t\t\t\t\t\t<\/label>\n\t\t\t\t\t\t\t\t\t\t\t\t\t\t<input size=\"1\" type=\"text\" name=\"form_fields[name]\" id=\"form-field-name\" class=\"elementor-field elementor-size-sm  elementor-field-textual\" placeholder=\"Nimi\">\n\t\t\t\t\t\t\t\t\t\t\t<\/div>\n\t\t\t\t\t\t\t\t<div class=\"elementor-field-type-email elementor-field-group elementor-column elementor-field-group-email elementor-col-100 elementor-field-required\">\n\t\t\t\t\t\t\t\t\t\t\t\t<label for=\"form-field-email\" class=\"elementor-field-label\">\n\t\t\t\t\t\t\t\tSposti\t\t\t\t\t\t\t<\/label>\n\t\t\t\t\t\t\t\t\t\t\t\t\t\t<input size=\"1\" type=\"email\" name=\"form_fields[email]\" id=\"form-field-email\" class=\"elementor-field elementor-size-sm  elementor-field-textual\" placeholder=\"Sposti\" required=\"required\">\n\t\t\t\t\t\t\t\t\t\t\t<\/div>\n\t\t\t\t\t\t\t\t<div class=\"elementor-field-type-tel elementor-field-group elementor-column elementor-field-group-field_3c64952 elementor-col-100\">\n\t\t\t\t\t\t\t\t\t\t\t\t<label for=\"form-field-field_3c64952\" class=\"elementor-field-label\">\n\t\t\t\t\t\t\t\tPuhnro\t\t\t\t\t\t\t<\/label>\n\t\t\t\t\t\t\t\t<input size=\"1\" type=\"tel\" name=\"form_fields[field_3c64952]\" id=\"form-field-field_3c64952\" class=\"elementor-field elementor-size-sm  elementor-field-textual\" placeholder=\"+358....\" pattern=\"[0-9()#&amp;+*-=.]+\" title=\"Only numbers and phone characters (#, -, *, etc) are accepted.\">\n\n\t\t\t\t\t\t<\/div>\n\t\t\t\t\t\t\t\t<div class=\"elementor-field-type-textarea elementor-field-group elementor-column elementor-field-group-message elementor-col-100\">\n\t\t\t\t\t\t\t\t\t\t\t\t<label for=\"form-field-message\" class=\"elementor-field-label\">\n\t\t\t\t\t\t\t\tViesti\t\t\t\t\t\t\t<\/label>\n\t\t\t\t\t\t<textarea class=\"elementor-field-textual elementor-field  elementor-size-sm\" name=\"form_fields[message]\" id=\"form-field-message\" rows=\"4\" placeholder=\"Kirjoita viestisi...\"><\/textarea>\t\t\t\t<\/div>\n\t\t\t\t\t\t\t\t<div class=\"elementor-field-group elementor-column elementor-field-type-submit elementor-col-100 e-form__buttons\">\n\t\t\t\t\t<button class=\"elementor-button elementor-size-sm\" type=\"submit\">\n\t\t\t\t\t\t<span class=\"elementor-button-content-wrapper\">\n\t\t\t\t\t\t\t\t\t\t\t\t\t\t\t\t\t\t\t\t\t\t<span class=\"elementor-button-text\">L\u00e4het\u00e4<\/span>\n\t\t\t\t\t\t\t\t\t\t\t\t\t<\/span>\n\t\t\t\t\t<\/button>\n\t\t\t\t<\/div>\n\t\t\t<\/div>\n\t\t<\/form>\n\t\t\t\t\t\t<\/div>\n\t\t\t\t<\/div>\n\t\t\t\t<div class=\"elementor-element elementor-element-b65da72 elementor-widget elementor-widget-heading\" data-id=\"b65da72\" data-element_type=\"widget\" data-e-type=\"widget\" data-widget_type=\"heading.default\">\n\t\t\t\t<div class=\"elementor-widget-container\">\n\t\t\t\t\t<h2 class=\"elementor-heading-title elementor-size-default\">Yhteystiedot<\/h2>\t\t\t\t<\/div>\n\t\t\t\t<\/div>\n\t\t\t\t<div class=\"elementor-element elementor-element-3dfa246 elementor-widget elementor-widget-text-editor\" data-id=\"3dfa246\" data-element_type=\"widget\" data-e-type=\"widget\" data-widget_type=\"text-editor.default\">\n\t\t\t\t<div class=\"elementor-widget-container\">\n\t\t\t\t\t\t\t\t\tJesse Laukkanen\n<p>\n<a href=\"tel:+358400502631\">+358 40 0502631<\/a><\/p>\t\t\t\t\t\t\t\t<\/div>\n\t\t\t\t<\/div>\n\t\t\t\t<\/div>\n\t\t\t\t\t<\/div>\n\t\t\t\t<\/div>\n\t\t\t\t<\/div>\n\t\t","protected":false},"excerpt":{"rendered":"<p>Sein\u00e4maalaukset kotiin ja toimistoon Seinien maalaus on paljon muutakin kuin vaan v\u00e4rin levitt\u00e4mist\u00e4 \u2013 se on fiiliksen luomista ja tilan muuttamista. Meill\u00e4 L2 Asennuksessa ollaan seinien maalaamisen ammattilaisia, ja hoidetaan homma kuntoon niin koteihin kuin yritysten tiloihinkin.\u00a0\u00a0Ota yhteytt\u00e4 niin pistet\u00e4\u00e4n maalit pintaan! Uudis- ja remonttimaalaus Meilt\u00e4 hoituu maalaus niin uusille pinnoille kuin remontoitaviin kohteisiin. Oli [&hellip;]<\/p>\n","protected":false},"author":1,"featured_media":0,"parent":0,"menu_order":0,"comment_status":"closed","ping_status":"closed","template":"","meta":{"footnotes":""},"class_list":["post-21","page","type-page","status-publish","hentry"],"_links":{"self":[{"href":"https:\/\/maaliapintaan.fi\/index.php?rest_route=\/wp\/v2\/pages\/21","targetHints":{"allow":["GET"]}}],"collection":[{"href":"https:\/\/maaliapintaan.fi\/index.php?rest_route=\/wp\/v2\/pages"}],"about":[{"href":"https:\/\/maaliapintaan.fi\/index.php?rest_route=\/wp\/v2\/types\/page"}],"author":[{"embeddable":true,"href":"https:\/\/maaliapintaan.fi\/index.php?rest_route=\/wp\/v2\/users\/1"}],"replies":[{"embeddable":true,"href":"https:\/\/maaliapintaan.fi\/index.php?rest_route=%2Fwp%2Fv2%2Fcomments&post=21"}],"version-history":[{"count":142,"href":"https:\/\/maaliapintaan.fi\/index.php?rest_route=\/wp\/v2\/pages\/21\/revisions"}],"predecessor-version":[{"id":244,"href":"https:\/\/maaliapintaan.fi\/index.php?rest_route=\/wp\/v2\/pages\/21\/revisions\/244"}],"wp:attachment":[{"href":"https:\/\/maaliapintaan.fi\/index.php?rest_route=%2Fwp%2Fv2%2Fmedia&parent=21"}],"curies":[{"name":"wp","href":"https:\/\/api.w.org\/{rel}","templated":true}]}}