{"id":176,"date":"2025-04-26T08:20:18","date_gmt":"2025-04-26T08:20:18","guid":{"rendered":"https:\/\/maaliapintaan.fi\/?page_id=176"},"modified":"2025-04-26T10:24:20","modified_gmt":"2025-04-26T10:24:20","slug":"seinamaalaus","status":"publish","type":"page","link":"https:\/\/maaliapintaan.fi\/?page_id=176","title":{"rendered":"Sein\u00e4maalaus"},"content":{"rendered":"\t\t<div data-elementor-type=\"wp-page\" data-elementor-id=\"176\" class=\"elementor elementor-176\" data-elementor-post-type=\"page\">\n\t\t\t\t<div class=\"elementor-element elementor-element-52fb63c e-flex e-con-boxed e-con e-parent\" data-id=\"52fb63c\" data-element_type=\"container\" data-e-type=\"container\">\n\t\t\t\t\t<div class=\"e-con-inner\">\n\t\t\t\t<div class=\"elementor-element elementor-element-cf9ae2c elementor-widget elementor-widget-heading\" data-id=\"cf9ae2c\" data-element_type=\"widget\" data-e-type=\"widget\" data-widget_type=\"heading.default\">\n\t\t\t\t<div class=\"elementor-widget-container\">\n\t\t\t\t\t<h2 class=\"elementor-heading-title elementor-size-default\">Sein\u00e4n maalaaminen ja sen hinta<\/h2>\t\t\t\t<\/div>\n\t\t\t\t<\/div>\n\t\t\t\t<div class=\"elementor-element elementor-element-4db2263 elementor-widget elementor-widget-text-editor\" data-id=\"4db2263\" data-element_type=\"widget\" data-e-type=\"widget\" data-widget_type=\"text-editor.default\">\n\t\t\t\t<div class=\"elementor-widget-container\">\n\t\t\t\t\t\t\t\t\t<div><div class=\"css-175oi2r r-16y2uox\"><div class=\"css-175oi2r\"><div class=\"css-175oi2r r-13qz1uu\"><div class=\"css-175oi2r r-1awozwy r-13qz1uu\"><div class=\"css-175oi2r r-1awozwy r-16lk18l r-13qz1uu\"><div class=\"css-175oi2r r-1wbh5a2 r-11niif6 r-13qz1uu\"><div class=\"css-175oi2r r-3pj75a\"><div class=\"css-175oi2r\"><div class=\"css-146c3p1 r-bcqeeo r-1ttztb7 r-qvutc0 r-37j5jr r-a023e6 r-16dba41 r-1adg3ll r-1b5gpbm r-a8ghvy\" dir=\"ltr\"><span class=\"css-1jxf684 r-bcqeeo r-1ttztb7 r-qvutc0 r-poiln3\"><span class=\"css-1jxf684 r-bcqeeo r-1ttztb7 r-qvutc0 r-poiln3 r-a8ghvy\">Uuden, raikkaan maalin sutiminen seinille on loistava tapa pirist\u00e4\u00e4 kotia. Moni kuitenkin miettii, paljonko asunnon maalaaminen maksaa. T\u00e4ll\u00e4 sivulla yrit\u00e4mme antaa sulle vastauksia siihen, mit\u00e4 asunnon maalaaminen voisi kustantaa.<\/span><\/span><\/div><\/div><\/div><\/div><\/div><\/div><\/div><\/div><\/div><\/div>\t\t\t\t\t\t\t\t<\/div>\n\t\t\t\t<\/div>\n\t\t\t\t\t<\/div>\n\t\t\t\t<\/div>\n\t\t<div class=\"elementor-element elementor-element-c50fbe7 e-flex e-con-boxed e-con e-parent\" data-id=\"c50fbe7\" data-element_type=\"container\" data-e-type=\"container\">\n\t\t\t\t\t<div class=\"e-con-inner\">\n\t\t<div class=\"elementor-element elementor-element-9cc34cb e-con-full e-flex e-con e-child\" data-id=\"9cc34cb\" data-element_type=\"container\" data-e-type=\"container\" data-settings=\"{&quot;background_background&quot;:&quot;classic&quot;}\">\n\t\t\t\t<\/div>\n\t\t<div class=\"elementor-element elementor-element-ca45e72 e-con-full e-flex e-con e-child\" data-id=\"ca45e72\" data-element_type=\"container\" data-e-type=\"container\">\n\t\t\t\t<div class=\"elementor-element elementor-element-6852c65 elementor-widget elementor-widget-heading\" data-id=\"6852c65\" data-element_type=\"widget\" data-e-type=\"widget\" data-widget_type=\"heading.default\">\n\t\t\t\t<div class=\"elementor-widget-container\">\n\t\t\t\t\t<h4 class=\"elementor-heading-title elementor-size-default\">Mik\u00e4 hintaan vaikuttaa?<\/h4>\t\t\t\t<\/div>\n\t\t\t\t<\/div>\n\t\t\t\t<div class=\"elementor-element elementor-element-17abdd8 elementor-widget elementor-widget-text-editor\" data-id=\"17abdd8\" data-element_type=\"widget\" data-e-type=\"widget\" data-widget_type=\"text-editor.default\">\n\t\t\t\t<div class=\"elementor-widget-container\">\n\t\t\t\t\t\t\t\t\t<div class=\"css-146c3p1 r-bcqeeo r-1ttztb7 r-qvutc0 r-37j5jr r-a023e6 r-16dba41 r-1adg3ll r-1b5gpbm r-a8ghvy\" dir=\"ltr\"><span class=\"css-1jxf684 r-bcqeeo r-1ttztb7 r-qvutc0 r-poiln3\">Asunnon maalaamisen hintaan vaikuttaa moni asia. Esimerkiksi se, miten iso remontti on kyseess\u00e4, kuinka suuri asunto on, materiaalit ja ammattilaisen palkkaaminen.<\/span><\/div><h5 class=\"css-146c3p1 r-bcqeeo r-1ttztb7 r-qvutc0 r-37j5jr r-a023e6 r-16dba41 r-1adg3ll r-1b5gpbm r-a8ghvy\" dir=\"ltr\"><span class=\"css-1jxf684 r-bcqeeo r-1ttztb7 r-qvutc0 r-poiln3\">Koko<\/span><\/h5><div class=\"css-146c3p1 r-bcqeeo r-1ttztb7 r-qvutc0 r-37j5jr r-a023e6 r-16dba41 r-1adg3ll r-1b5gpbm r-a8ghvy\" dir=\"ltr\"><span class=\"css-1jxf684 r-bcqeeo r-1ttztb7 r-qvutc0 r-poiln3\">Useimmat ammattilaiset laskuttavat neli\u00f6metreitt\u00e4in. Jos asut pieness\u00e4 asunnossa, maalaaminen on halvempaa kuin esimerkiksi viiden huoneen k\u00e4mp\u00e4ss\u00e4. Kun pyyd\u00e4t tarjousta, muista mainita asuntosi koko, jotta saat tarkemman hinta-arvion.<\/span><\/div><h5 class=\"css-146c3p1 r-bcqeeo r-1ttztb7 r-qvutc0 r-37j5jr r-a023e6 r-16dba41 r-1adg3ll r-1b5gpbm r-a8ghvy\" dir=\"ltr\"><span class=\"css-1jxf684 r-bcqeeo r-1ttztb7 r-qvutc0 r-poiln3\">Materiaalit<\/span><\/h5><div class=\"css-146c3p1 r-bcqeeo r-1ttztb7 r-qvutc0 r-37j5jr r-a023e6 r-16dba41 r-1adg3ll r-1b5gpbm r-a8ghvy\" dir=\"ltr\"><span class=\"css-1jxf684 r-bcqeeo r-1ttztb7 r-qvutc0 r-poiln3\">Toinen hintaan vaikuttava tekij\u00e4 on maalien hinta. On olemassa edullisempia ja kalliimpia sein\u00e4maaleja, joten t\u00e4m\u00e4 pit\u00e4\u00e4 huomioida, kun suunnittelet maalausurakkaa. Eri maaleilla on erilainen peittokyky, joten joskus maalia kuluu enemm\u00e4n, jos valitset v\u00e4hemm\u00e4n peitt\u00e4v\u00e4n maalin.<\/span><span class=\"css-1jxf684 r-bcqeeo r-1ttztb7 r-qvutc0 r-poiln3\"> Yksi purkki riitt\u00e4\u00e4 yleens\u00e4 50\u201380 neli\u00f6lle. Jos olet ep\u00e4varma, kysy neuvoa, niin l\u00f6yd\u00e4mme maalin, joka sopii sek\u00e4 kotiisi ett\u00e4 budjettiisi!<\/span><\/div>\t\t\t\t\t\t\t\t<\/div>\n\t\t\t\t<\/div>\n\t\t\t\t<\/div>\n\t\t\t\t\t<\/div>\n\t\t\t\t<\/div>\n\t\t<div class=\"elementor-element elementor-element-8d0980a e-flex e-con-boxed e-con e-parent\" data-id=\"8d0980a\" data-element_type=\"container\" data-e-type=\"container\">\n\t\t\t\t\t<div class=\"e-con-inner\">\n\t\t<div class=\"elementor-element elementor-element-0b50fd5 e-con-full e-flex e-con e-child\" data-id=\"0b50fd5\" data-element_type=\"container\" data-e-type=\"container\">\n\t\t\t\t<div class=\"elementor-element elementor-element-47904f7 elementor-widget elementor-widget-heading\" data-id=\"47904f7\" data-element_type=\"widget\" data-e-type=\"widget\" data-widget_type=\"heading.default\">\n\t\t\t\t<div class=\"elementor-widget-container\">\n\t\t\t\t\t<h4 class=\"elementor-heading-title elementor-size-default\">T\u00e4ysremontti<\/h4>\t\t\t\t<\/div>\n\t\t\t\t<\/div>\n\t\t\t\t<div class=\"elementor-element elementor-element-45bb0ea elementor-widget elementor-widget-text-editor\" data-id=\"45bb0ea\" data-element_type=\"widget\" data-e-type=\"widget\" data-widget_type=\"text-editor.default\">\n\t\t\t\t<div class=\"elementor-widget-container\">\n\t\t\t\t\t\t\t\t\t<div class=\"css-146c3p1 r-bcqeeo r-1ttztb7 r-qvutc0 r-37j5jr r-a023e6 r-16dba41 r-1adg3ll r-1b5gpbm r-a8ghvy\" dir=\"ltr\"><span class=\"css-1jxf684 r-bcqeeo r-1ttztb7 r-qvutc0 r-poiln3\">Seinien nykykunto voi ratkaista, tarvitaanko isompaa remonttia ennen maalaamista. Jotkut asiat pit\u00e4\u00e4 hoitaa kuntoon, jotta lopputulos on siisti ja jotta me voimme tehd\u00e4 hommamme kunnolla.<\/span><\/div><div dir=\"ltr\">\u00a0<\/div><div class=\"css-146c3p1 r-bcqeeo r-1ttztb7 r-qvutc0 r-37j5jr r-a023e6 r-16dba41 r-1adg3ll r-1b5gpbm r-a8ghvy\" dir=\"ltr\"><span class=\"css-1jxf684 r-bcqeeo r-1ttztb7 r-qvutc0 r-poiln3\">Esimerkiksi, jos seinill\u00e4 on tapetteja, ne pit\u00e4\u00e4 ehk\u00e4 repi\u00e4 alas. Jos seiniss\u00e4 on reiki\u00e4, ne pit\u00e4\u00e4 tasoittaa ennen maalaamista, jotta pinta on tasainen. Joissain tapauksissa saatetaan tarvita my\u00f6s pieni\u00e4 puut\u00f6it\u00e4. Mit\u00e4 enemm\u00e4n korjattavaa on, sit\u00e4 kalliimmaksi homma tulee, koska duunia on yksinkertaisesti enemm\u00e4n<\/span><\/div><div class=\"css-146c3p1 r-bcqeeo r-1ttztb7 r-qvutc0 r-37j5jr r-a023e6 r-16dba41 r-1adg3ll r-1b5gpbm r-a8ghvy\" dir=\"ltr\"><span class=\"css-1jxf684 r-bcqeeo r-1ttztb7 r-qvutc0 r-poiln3\">.<\/span><\/div><div class=\"css-146c3p1 r-bcqeeo r-1ttztb7 r-qvutc0 r-37j5jr r-a023e6 r-16dba41 r-1adg3ll r-a8ghvy r-p1pxzi\" dir=\"ltr\"><span class=\"css-1jxf684 r-bcqeeo r-1ttztb7 r-qvutc0 r-poiln3\">Kustannukset voivat vaihdella paljon riippuen siit\u00e4, mit\u00e4 pit\u00e4\u00e4 tehd\u00e4. Pelkk\u00e4 seinien ja kattojen maalaus maksaa noin 15-30 \u20ac\/neli\u00f6. Isompi projekti, jossa esimerkiksi revit\u00e4\u00e4n tapetit, tasoitetaan sein\u00e4t ja maalataan listat ja ikkunat sis\u00e4lt\u00e4, maksaa luonnollisesti enemm\u00e4n. Ota meihin yhteytt\u00e4, niin saat tarkan hinnan juuri sinun projektillesi!<\/span><\/div><div class=\"css-146c3p1 r-bcqeeo r-1ttztb7 r-qvutc0 r-37j5jr r-a023e6 r-16dba41 r-1adg3ll r-1b5gpbm r-a8ghvy\" dir=\"ltr\">\u00a0<\/div>\t\t\t\t\t\t\t\t<\/div>\n\t\t\t\t<\/div>\n\t\t\t\t<\/div>\n\t\t<div class=\"elementor-element elementor-element-1971ff3 e-con-full e-flex e-con e-child\" data-id=\"1971ff3\" data-element_type=\"container\" data-e-type=\"container\" data-settings=\"{&quot;background_background&quot;:&quot;classic&quot;}\">\n\t\t\t\t<\/div>\n\t\t\t\t\t<\/div>\n\t\t\t\t<\/div>\n\t\t<div class=\"elementor-element elementor-element-e55cf48 e-flex e-con-boxed e-con e-parent\" data-id=\"e55cf48\" data-element_type=\"container\" data-e-type=\"container\">\n\t\t\t\t\t<div class=\"e-con-inner\">\n\t\t<div class=\"elementor-element elementor-element-83f11aa e-con-full elementor-hidden-mobile e-flex e-con e-child\" data-id=\"83f11aa\" data-element_type=\"container\" data-e-type=\"container\" data-settings=\"{&quot;background_background&quot;:&quot;classic&quot;}\">\n\t\t\t\t<\/div>\n\t\t<div class=\"elementor-element elementor-element-7f77aa3 e-con-full e-flex e-con e-child\" data-id=\"7f77aa3\" data-element_type=\"container\" data-e-type=\"container\">\n\t\t\t\t<div class=\"elementor-element elementor-element-def1ec4 elementor-widget elementor-widget-heading\" data-id=\"def1ec4\" data-element_type=\"widget\" data-e-type=\"widget\" data-widget_type=\"heading.default\">\n\t\t\t\t<div class=\"elementor-widget-container\">\n\t\t\t\t\t<h4 class=\"elementor-heading-title elementor-size-default\">Pelkk\u00e4 maalaus<\/h4>\t\t\t\t<\/div>\n\t\t\t\t<\/div>\n\t\t\t\t<div class=\"elementor-element elementor-element-ab039e1 elementor-widget elementor-widget-text-editor\" data-id=\"ab039e1\" data-element_type=\"widget\" data-e-type=\"widget\" data-widget_type=\"text-editor.default\">\n\t\t\t\t<div class=\"elementor-widget-container\">\n\t\t\t\t\t\t\t\t\t<div class=\"css-146c3p1 r-bcqeeo r-1ttztb7 r-qvutc0 r-37j5jr r-a023e6 r-16dba41 r-1adg3ll r-1b5gpbm r-a8ghvy\" dir=\"ltr\"><div class=\"css-146c3p1 r-bcqeeo r-1ttztb7 r-qvutc0 r-37j5jr r-a023e6 r-16dba41 r-1adg3ll r-a8ghvy r-p1pxzi\" dir=\"ltr\">Jos kotisi sein\u00e4t eiv\u00e4t kaipaa esivalmisteluja ennen maalaamista, homma on v\u00e4h\u00e4n edullisempaa. Tarkkaa hintaa on vaikea sanoa, koska jokainen projekti on erilainen. Keskim\u00e4\u00e4rin pelkk\u00e4 maalaus maksaa noin 15-19 \u20ac\/neli\u00f6, jos mit\u00e4\u00e4n esity\u00f6t\u00e4 ei tarvita. Esimerkiksi 48 neli\u00f6n asunnon sis\u00e4maalaus maksaisi noin 720-920 \u20ac. <a href=\"http:\/\/maaliapintaan.fi\">Etusivun laskurilla<\/a> saat suuntaa antavan arvion.<\/div><\/div>\t\t\t\t\t\t\t\t<\/div>\n\t\t\t\t<\/div>\n\t\t\t\t<\/div>\n\t\t\t\t\t<\/div>\n\t\t\t\t<\/div>\n\t\t<div class=\"elementor-element elementor-element-e3f1ad6 e-flex e-con-boxed e-con e-parent\" data-id=\"e3f1ad6\" data-element_type=\"container\" data-e-type=\"container\">\n\t\t\t\t\t<div class=\"e-con-inner\">\n\t\t\t\t<div class=\"elementor-element elementor-element-53d1f09 elementor-widget elementor-widget-heading\" data-id=\"53d1f09\" data-element_type=\"widget\" data-e-type=\"widget\" data-widget_type=\"heading.default\">\n\t\t\t\t<div class=\"elementor-widget-container\">\n\t\t\t\t\t<h2 class=\"elementor-heading-title elementor-size-default\">Yhteenveto<\/h2>\t\t\t\t<\/div>\n\t\t\t\t<\/div>\n\t\t\t\t<div class=\"elementor-element elementor-element-2e59c53 elementor-widget elementor-widget-text-editor\" data-id=\"2e59c53\" data-element_type=\"widget\" data-e-type=\"widget\" data-widget_type=\"text-editor.default\">\n\t\t\t\t<div class=\"elementor-widget-container\">\n\t\t\t\t\t\t\t\t\t<div><div class=\"css-175oi2r r-16y2uox\"><div class=\"css-175oi2r\"><div class=\"css-175oi2r r-13qz1uu\"><div class=\"css-175oi2r r-1awozwy r-13qz1uu\"><div class=\"css-175oi2r r-1awozwy r-16lk18l r-13qz1uu\"><div class=\"css-175oi2r r-1wbh5a2 r-11niif6 r-13qz1uu\"><div class=\"css-175oi2r r-3pj75a\"><div class=\"css-175oi2r\"><div class=\"css-146c3p1 r-bcqeeo r-1ttztb7 r-qvutc0 r-37j5jr r-a023e6 r-16dba41 r-1adg3ll r-1b5gpbm r-a8ghvy\" dir=\"ltr\"><span class=\"css-1jxf684 r-bcqeeo r-1ttztb7 r-qvutc0 r-poiln3\">On hankala sanoa tarkalleen, paljonko koko asunnon maalaaminen maksaa. Materiaalit, asunnon koko ja remontin laajuus vaikuttavat hintaan. Paras tapa selvitt\u00e4\u00e4, paljonko sun asunnon maalaaminen maksaisi, on ottaa meihin yhteytt\u00e4 ja pyyt\u00e4\u00e4 tarjous. N\u00e4in saat tarkan hinta-arvion juuri sun projektille!<\/span><\/div><\/div><\/div><\/div><\/div><\/div><\/div><\/div><\/div><\/div>\t\t\t\t\t\t\t\t<\/div>\n\t\t\t\t<\/div>\n\t\t\t\t\t<\/div>\n\t\t\t\t<\/div>\n\t\t\t\t<\/div>\n\t\t","protected":false},"excerpt":{"rendered":"<p>Sein\u00e4n maalaaminen ja sen hinta Uuden, raikkaan maalin sutiminen seinille on loistava tapa pirist\u00e4\u00e4 kotia. Moni kuitenkin miettii, paljonko asunnon maalaaminen maksaa. T\u00e4ll\u00e4 sivulla yrit\u00e4mme antaa sulle vastauksia siihen, mit\u00e4 asunnon maalaaminen voisi kustantaa. Mik\u00e4 hintaan vaikuttaa? Asunnon maalaamisen hintaan vaikuttaa moni asia. Esimerkiksi se, miten iso remontti on kyseess\u00e4, kuinka suuri asunto on, materiaalit [&hellip;]<\/p>\n","protected":false},"author":1,"featured_media":0,"parent":0,"menu_order":0,"comment_status":"closed","ping_status":"closed","template":"","meta":{"footnotes":""},"class_list":["post-176","page","type-page","status-publish","hentry"],"_links":{"self":[{"href":"https:\/\/maaliapintaan.fi\/index.php?rest_route=\/wp\/v2\/pages\/176","targetHints":{"allow":["GET"]}}],"collection":[{"href":"https:\/\/maaliapintaan.fi\/index.php?rest_route=\/wp\/v2\/pages"}],"about":[{"href":"https:\/\/maaliapintaan.fi\/index.php?rest_route=\/wp\/v2\/types\/page"}],"author":[{"embeddable":true,"href":"https:\/\/maaliapintaan.fi\/index.php?rest_route=\/wp\/v2\/users\/1"}],"replies":[{"embeddable":true,"href":"https:\/\/maaliapintaan.fi\/index.php?rest_route=%2Fwp%2Fv2%2Fcomments&post=176"}],"version-history":[{"count":34,"href":"https:\/\/maaliapintaan.fi\/index.php?rest_route=\/wp\/v2\/pages\/176\/revisions"}],"predecessor-version":[{"id":219,"href":"https:\/\/maaliapintaan.fi\/index.php?rest_route=\/wp\/v2\/pages\/176\/revisions\/219"}],"wp:attachment":[{"href":"https:\/\/maaliapintaan.fi\/index.php?rest_route=%2Fwp%2Fv2%2Fmedia&parent=176"}],"curies":[{"name":"wp","href":"https:\/\/api.w.org\/{rel}","templated":true}]}}